{"id":463,"date":"2026-04-04T16:16:53","date_gmt":"2026-04-04T14:16:53","guid":{"rendered":"https:\/\/xn--frch-hamburg-hcb.kuich-projects.eu\/?page_id=463"},"modified":"2026-04-04T16:26:42","modified_gmt":"2026-04-04T14:26:42","slug":"presse","status":"publish","type":"page","link":"https:\/\/xn--frch-hamburg-hcb.kuich-projects.eu\/en\/presse\/","title":{"rendered":"Presse"},"content":{"rendered":"<div class=\"et_pb_section_0 et_pb_section et_section_regular et_flex_section et_animated\">\n<div class=\"et_pb_row_0 et_pb_row et_flex_row\">\n<div class=\"et_pb_column_0 et_pb_column et_flex_column et_pb_css_mix_blend_mode_passthrough et_flex_column_24_24 et_flex_column_24_24_tablet et_flex_column_24_24_phone\">\n<div class=\"et_pb_post_title_0 et_pb_post_title et_pb_bg_layout_light et_pb_module et_flex_module\"><div class=\"et_pb_title_container\"><h1 class=\"entry-title\">Presse<\/h1><\/div><\/div>\n<\/div>\n\n<div class=\"et_pb_column_1 et_pb_column et-last-child et_flex_column et_pb_css_mix_blend_mode_passthrough et_flex_column_24_24 et_flex_column_24_24_tablet et_flex_column_24_24_phone\">\n<div class=\"et_pb_row_1 et_pb_row et_pb_row_nested et_flex_row\">\n<div class=\"et_pb_column_2 et_pb_column et-last-child et_flex_column et_pb_css_mix_blend_mode_passthrough et_flex_column_24_24 et_flex_column_24_24_tablet et_flex_column_24_24_phone\">\n<div class=\"et_pb_text_0 et_pb_text et_pb_bg_layout_light et_pb_module et_flex_module\"><div class=\"et_pb_text_inner\"><h3>HOME STYLE ART<\/h3>\n<h4>Trends sehen, Trends f\u00fchlen, Trends leben<br \/>August-September 2016, Wie Top-Designer R\u00e4ume gestalten<\/h4>\n<p>PLACES OF SPIRIT ist ein Scout f\u00fcr stilvolle und urbane Menschen, die edle Design-, Kunst- und Stylingideen sch\u00e4tzen.<\/p>\n<p><a href=\"https:\/\/xn--frch-hamburg-hcb.kuich-projects.eu\/wp-content\/uploads\/2026\/04\/Home_and_Style_Cover.jpg\" target=\"_blank\" onfocus=\"if(this.blur)this.blur()\" rel=\"noopener\">HOME STYLE ART 2016, Home_and_Style_Cover.jpg<\/a><br \/><a href=\"https:\/\/xn--frch-hamburg-hcb.kuich-projects.eu\/wp-content\/uploads\/2026\/04\/Home_and_Style.jpg\" target=\"_blank\" onfocus=\"if(this.blur)this.blur()\" rel=\"noopener\">HOME STYLE ART 2016, Home_and_Style.jpg<\/a><\/p>\n<hr \/>\n<h3>Level One<\/h3>\n<h4>Ausstellungsraum-HKS Hochschule f\u00fcr K\u00fcnste im Sozialen<br \/>Admiralit\u00e4tsstrasse 71<br \/>20459 Hamburg<br \/>Installation \u201eI hate embroidery\u201c von Anja Matzke-Schubert M\u00e4rz \u2013 April 2015<\/h4>\n<p>Sechsunddreissig handgestickte Frauenportraits sollen den Betrachter neugierig machen: wer verbirgt sich dahinter? Wer ist diese Frau, was hat sie gemacht? Wir kennen von manchen die Namen aber nicht immer auch die Gesichter und ihre Geschichten. Anja Matzke-Schubert hat diese herausragenden Frauen ausgew\u00e4hlt, weil sie sie durch ihren Einfallsreichtum, durch Forscher- und Experimentiergeist, durch Zielstrebigkeit, Aufm\u00fcpfigkeit, Klarheit oder Verspieltheit faszinieren.<\/p>\n<p>\u201eI hate embroidery\u201c spielt mit der Ambivalenz von modernen Frauen, die immer noch zwischen dem konventionellen Bild der handarbeitenden, versorgenden, pflegenden, W\u00e4sche aufh\u00e4ngenden Frau und dem zeitgem\u00e4\u00dfen Wunsch nach Einflussnahme auf das gesellschaftliche Leben und Anerkennung f\u00fcr kulturelle Leistungen hin und hergerissen sind. Die Serie \u201eI hate embroidery\u201c versteht sich als Beitrag zur (Wieder-) Entdeckung von positiv besetzten Bildern des Weiblichen.<\/p>\n<p><a href=\"http:\/\/www.hks-levelone.de\/anja-matzke-schubert-i-hate-embroidery\" target=\"_blank\" onfocus=\"if(this.blur)this.blur()\" rel=\"noopener\">www.hks-levelone.de\/anja-matzke-schubert-i-hate-embroidery<\/a><\/p>\n<hr \/>\n<h3>HANDWERKSFORM HANNOVER JUNI 2015<\/h3>\n<h4>Ausstellung Sitzgelegenheiten<\/h4>\n<p>Unterschiedlichsten Sitzm\u00f6glichkeiten zeigt die Ausstellung Sitzgelegenheiten in der Handwerksform in Hannover. Verwendete Materialien dabei sind: Holz, Stein, Filz, Plane und Kork. Die Re-Design St\u00fchle von fr\u00e4ch-Design und Kunst sind auch mit dabei.<\/p>\n<p><a href=\"https:\/\/www.hwk-hannover.de\/artikel\/handwerksform-hannover-zeigt-sommerausstellung-sitz-gelegenheiten-23,242,3992.html\" target=\"_blank\" onfocus=\"if(this.blur)this.blur()\" rel=\"noopener\">https:\/\/www.hwk-hannover.de\/...\/handwerksform-hannover-zeigt-somme...<\/a><\/p>\n<hr \/>\n<h3>KUNSTHANDWERKER IN DER VILLA ICHON | BREMEN \u2013 KREISZEITUNG<\/h3>\n<h4>November 2015<\/h4>\n<p>Unter dem Motto \u201eKunstwerke, Schmuckst\u00fccke\u201c pr\u00e4sentierten mehrere KunsthandwerkerInnen am 21.\/22.11.15 ihre Werke in der Villa Ichon in Bremen. Fr\u00e4ch-Design und Kunst hat eine Reihe von neuen Wohntextilien pr\u00e4sentieren k\u00f6nnen.<\/p>\n<p><a href=\"http:\/\/www.kreiszeitung.de\/lokales\/bremen\/kunsthandwerker-villa-ichon-5878625.html\" target=\"_blank\" onfocus=\"if(this.blur)this.blur()\" rel=\"noopener\">www.kreiszeitung.de \u203a Lokales \u203a Bremen<\/a><\/p>\n<hr \/>\n<h3>NORD HANDWERK MAGAZIN DEZEMBER 2015<\/h3>\n<p>In dem Bericht auf Seite 28\/29 finden Sie Portraits einiger KunsthandwerkerInnen aus dem Haus f\u00fcr Kunst und Handwerk, Koppel 66 in Hamburg. Dabei ist ein Foto des Re-Design Stuhls von fr\u00e4ch-Design und Kunst<\/p>\n<hr \/>\n<h3>NUR NOCH DREI WOCHEN - NORD-HANDWERK<\/h3>\n<p><a href=\"http:\/\/www.nord-handwerk.de\/sites\/files\/heftarchiv\/nhw2015-dez.pdf\" target=\"_blank\" onfocus=\"if(this.blur)this.blur()\" rel=\"noopener\">www.nord-handwerk.de\/sites\/files\/heftarchiv\/nhw2015-dez.pdf<\/a><span><\/span><\/p>\n<hr \/>\n<h3>WOHNREVUE 2014<\/h3>\n<h4>Schweizer Magazin f\u00fcr anspruchsvolles Wohnen und Design<br \/>W8\/14<\/h4>\n<p>Unter dem Motto Kuschelalarm stellt das Schweizer Magazin f\u00fcr anspruchsvolles Wohnen und Design in dieser Ausgabe Kissen vor, die jedes Zuhause gem\u00fctlicher machen. Dabei ist das bestickte Kissen \u201eZu Hause\u201c von fr\u00e4ch-Design und Kunst auf Seite 96 zu finden.<\/p>\n<p><a href=\"https:\/\/xn--frch-hamburg-hcb.kuich-projects.eu\/wp-content\/uploads\/2026\/04\/Wo-2014-08-096.pdf\" target=\"_blank\" onfocus=\"if(this.blur)this.blur()\" rel=\"noopener\">Wohnrevue 2014, Wo-2014-08-096.pdf<\/a><br \/><a href=\"https:\/\/xn--frch-hamburg-hcb.kuich-projects.eu\/wp-content\/uploads\/2026\/04\/Wo-2014-08-000.pdf\" target=\"_blank\" onfocus=\"if(this.blur)this.blur()\" rel=\"noopener\">Wohnrevue 2014, Wo-2014-08-000.pdf<\/a><\/p>\n<hr \/>\n<h3>AUSSTELLUNG \u201eANIMALISCH\u201c DER ADK HAMBURG<\/h3>\n<h4>Handwerkskammer in Hamburg September 2013<br \/>Die K\u00fcnstlerinnen der Hamburger Gedok und Kunsthandwerker der Arbeitsgemeinschaft des Kunsthandwerks Hamburg (AdK) zeigen in dieser gemeinsamen Ausstellung Arbeiten, die in der Auseinandersetzung mit dem Thema \u201eAnimalisch\u201c entstanden sind.<br \/>Anja Matzke-Schubert ist vertreten mit der Installation \u201eHow to live better\u201c.<\/h4>\n<p>Ausstellung \u201eAnimalisch\u201c: Handwerkskammer Hamburg<\/p>\n<p><a href=\"https:\/\/www.hwk-hamburg.de\/aktuelles\/veranstaltungen\/archiv-2012\/news-detailansicht\/datum\/2013\/09\/12\/ausstellung-animalisch.html\" target=\"_blank\" onfocus=\"if(this.blur)this.blur()\" rel=\"noopener\">https:\/\/www.hwk-hamburg.de\/aktuelles\/veranstaltungen\/archiv-2012\/news-detailansicht\/datum\/2013\/09\/12\/ausstellung-animalisch.html<\/a><\/p>\n<hr \/>\n<h3>ART AUREA ONLINE MAGAZIN 19.11.2013<\/h3>\n<p>Ein Bericht \u00fcber einige Designer und die Adventsmesse in unserem Haus f\u00fcr Kunst und Handwerk, Koppel 66 in Hamburg.Von fr\u00e4ch-Design und Kunst finden Sie hier ein besticktes Kissen.<\/p>\n<p>Adventsmesse Koppel 66 \/ Online Magazin \/ Art Aurea<br \/><a href=\"http:\/\/109.234.107.77\/magazin\/1059-adventsmesse-koppel-66\" target=\"_blank\" onfocus=\"if(this.blur)this.blur()\" rel=\"noopener\">http:\/\/109.234.107.77\/magazin\/1059-adventsmesse-koppel-66<\/a><\/p>\n<hr \/>\n<h3>MATERIAL CRAFT\/ CRAFT MATTERS APRIL 2012 HAMBURG<\/h3>\n<p>Eine liebevolle zusammengestellte Brosch\u00fcre zum Thema Craft Matters von Prof. Renata Brink- HAW Hamburg mit Fotos aus der Ausstellung von Textil Design Studenten in einem abrissreifen Haus in der Stresemannstrasse. Auf Seite 23 finden Sie eine Reihe von handbestickten Kleidungsst\u00fccken, die Anja Matzke-Schubert f\u00fcr ihre Performance \u201eAn apple a day keeps the doctor away\u201c verwendet hat.<\/p>\n<p>craft_matters_2012 - Showcase - HAW Hamburg<br \/><a href=\"https:\/\/showcase.design.haw-hamburg.de\/wp-content\/uploads\/2016\/01\/CRAFT_MATTERS_2012.compressed.pdf\" target=\"_blank\" onfocus=\"if(this.blur)this.blur()\" rel=\"noopener\">https:\/\/www.showcase.design.haw-hamburg.de\/...\/CRAFT_MATTERS2012.pdf<\/a><\/p>\n<hr \/>\n<h3>UNIC DESIGN<\/h3>\n<h4>Designwettbewerb von Eucrea Hamburg September 2012<\/h4>\n<p>Hier gab es eine fruchtbare Zusammenarbeit verschiedener K\u00fcnstlerInnen mit dem Hamburger Label fr\u00e4ch-Design und Kunst zu dem ausgeschriebenen Wettbewerb Unic design des Vereins Eucrea in Hamburg. Wir wurden f\u00fcr f\u00fcnf bestickten Filzkissen nominiert!<\/p>\n<p>Unic design<br \/><a href=\"http:\/\/www.unic-design.de\/textiles\/5-kissen-detail\" target=\"_blank\" onfocus=\"if(this.blur)this.blur()\" rel=\"noopener\">unic-design.de\/textiles\/5-kissen-detail<\/a><\/p>\n<hr \/>\n<h3>TAZ.THEMA<\/h3>\n<h4>Die Sehnsucht nach Handgemachten 24.11.2012<\/h4>\n<p>Dieser Artikel gibt einen lebendigen Einblick in die Werkstattgemeinschaft von Designern und K\u00fcnstlern im Haus f\u00fcr Kunst und Handwerk, Koppel 66 in Hamburg.<\/p>\n<p><a href=\"http:\/\/download.taz.de\/taz.nord\/taz.de\/24.11.12.geschenke.pdf\" target=\"_blank\" onfocus=\"if(this.blur)this.blur()\" rel=\"noopener\">http:\/\/download.taz.de\/...\/...geschenke.pdf<\/a><\/p>\n<hr \/>\n<h3>AUSSTELLUNG \u201eGESTRICKT, GEKNOTET, GEKLEBT...\u201c<\/h3>\n<h4>Kunsthaus Kannen<br \/>M\u00fcnster Juni-September 2011<\/h4>\n<p>Das Kunsthaus Kannen ist ein Ausstellungsraum bei M\u00fcnster mit einer ausgezeichneten Art Brut Sammlung. An der Ausstellung \u201egestrickt, geknotet, geklebt...\u201c beteiligten sich die Hamburger K\u00fcnstlerin Lisa Urban und Anja Matzke-Schubert mit einem gemeinsamen Kunstprojekt: es entstand aus dieser Zusammenarbeit eine Reihe von hand-gestickten Leinw\u00e4nden mit Motiven, die sie abwechselnd mit Sticken nach Zahl angefertigt haben.<\/p>\n<p><a href=\"http:\/\/www.kunsthaus-kannen.de\/uploads\/media\/Flyer_Textil_web.pdf\" target=\"_blank\" onfocus=\"if(this.blur)this.blur()\" rel=\"noopener\">www.kunsthaus-kannen.de\/...\/Flyer_Textil_web.pdf<\/a><\/p>\n<\/div><\/div>\n<\/div>\n<\/div>\n<\/div>\n<\/div>\n<\/div>","protected":false},"excerpt":{"rendered":"","protected":false},"author":1,"featured_media":0,"parent":0,"menu_order":0,"comment_status":"closed","ping_status":"closed","template":"","meta":{"footnotes":""},"class_list":["post-463","page","type-page","status-publish","hentry"],"_links":{"self":[{"href":"https:\/\/xn--frch-hamburg-hcb.kuich-projects.eu\/en\/wp-json\/wp\/v2\/pages\/463","targetHints":{"allow":["GET"]}}],"collection":[{"href":"https:\/\/xn--frch-hamburg-hcb.kuich-projects.eu\/en\/wp-json\/wp\/v2\/pages"}],"about":[{"href":"https:\/\/xn--frch-hamburg-hcb.kuich-projects.eu\/en\/wp-json\/wp\/v2\/types\/page"}],"author":[{"embeddable":true,"href":"https:\/\/xn--frch-hamburg-hcb.kuich-projects.eu\/en\/wp-json\/wp\/v2\/users\/1"}],"replies":[{"embeddable":true,"href":"https:\/\/xn--frch-hamburg-hcb.kuich-projects.eu\/en\/wp-json\/wp\/v2\/comments?post=463"}],"version-history":[{"count":7,"href":"https:\/\/xn--frch-hamburg-hcb.kuich-projects.eu\/en\/wp-json\/wp\/v2\/pages\/463\/revisions"}],"predecessor-version":[{"id":475,"href":"https:\/\/xn--frch-hamburg-hcb.kuich-projects.eu\/en\/wp-json\/wp\/v2\/pages\/463\/revisions\/475"}],"wp:attachment":[{"href":"https:\/\/xn--frch-hamburg-hcb.kuich-projects.eu\/en\/wp-json\/wp\/v2\/media?parent=463"}],"curies":[{"name":"wp","href":"https:\/\/api.w.org\/{rel}","templated":true}]}}